{"id":295,"date":"2020-01-28T01:49:14","date_gmt":"2020-01-28T00:49:14","guid":{"rendered":"http:\/\/levego.enum.hu\/wplevego\/?page_id=295"},"modified":"2020-02-25T15:10:48","modified_gmt":"2020-02-25T14:10:48","slug":"szerelj","status":"publish","type":"page","link":"https:\/\/levego.enum.hu\/wplevego\/index.php\/szerelj\/","title":{"rendered":"Szerelj"},"content":{"rendered":"\n<h2><a href=\"http:\/\/levego.enum.hu\/szerelj\/szereljv2.pdf\">PDF \u00f6sszeszerel\u00e9si \u00fatmutat\u00f3<\/a><\/h2>\n\n\n\n<div class=\"is-layout-flow wp-block-group\"><div class=\"wp-block-group__inner-container\">\n<figure class=\"wp-block-image is-resized\"><a href=\"http:\/\/levego.enum.hu\/szerelj\/szereljv2.pdf\" target=\"_blank\" rel=\"noreferrer noopener\"><img decoding=\"async\" loading=\"lazy\" src=\"http:\/\/levego.enum.hu\/wplevego\/wp-content\/uploads\/2020\/01\/szer-x2.png\" alt=\"\" width=\"396\" height=\"282\"\/><\/a><\/figure>\n\n\n\n<div class=\"wp-block-image\"><figure class=\"alignright is-resized\"><a href=\"http:\/\/levego.enum.hu\/szerelj\/szereljv2.pdf\" target=\"_blank\" rel=\"noreferrer noopener\"><img decoding=\"async\" loading=\"lazy\" src=\"http:\/\/levego.enum.hu\/wplevego\/wp-content\/uploads\/2020\/01\/szer-x1.png\" alt=\"\" width=\"368\" height=\"261\"\/><\/a><\/figure><\/div>\n<\/div><\/div>\n","protected":false},"excerpt":{"rendered":"<p>PDF \u00f6sszeszerel\u00e9si \u00fatmutat\u00f3<\/p>\n","protected":false},"author":1,"featured_media":0,"parent":0,"menu_order":0,"comment_status":"closed","ping_status":"closed","template":"","meta":[],"_links":{"self":[{"href":"https:\/\/levego.enum.hu\/wplevego\/index.php\/wp-json\/wp\/v2\/pages\/295"}],"collection":[{"href":"https:\/\/levego.enum.hu\/wplevego\/index.php\/wp-json\/wp\/v2\/pages"}],"about":[{"href":"https:\/\/levego.enum.hu\/wplevego\/index.php\/wp-json\/wp\/v2\/types\/page"}],"author":[{"embeddable":true,"href":"https:\/\/levego.enum.hu\/wplevego\/index.php\/wp-json\/wp\/v2\/users\/1"}],"replies":[{"embeddable":true,"href":"https:\/\/levego.enum.hu\/wplevego\/index.php\/wp-json\/wp\/v2\/comments?post=295"}],"version-history":[{"count":4,"href":"https:\/\/levego.enum.hu\/wplevego\/index.php\/wp-json\/wp\/v2\/pages\/295\/revisions"}],"predecessor-version":[{"id":361,"href":"https:\/\/levego.enum.hu\/wplevego\/index.php\/wp-json\/wp\/v2\/pages\/295\/revisions\/361"}],"wp:attachment":[{"href":"https:\/\/levego.enum.hu\/wplevego\/index.php\/wp-json\/wp\/v2\/media?parent=295"}],"curies":[{"name":"wp","href":"https:\/\/api.w.org\/{rel}","templated":true}]}}